{"id":749,"date":"2021-03-14T08:44:28","date_gmt":"2021-03-14T06:44:28","guid":{"rendered":"https:\/\/www.glv.fi\/?page_id=749"},"modified":"2023-12-21T07:14:19","modified_gmt":"2023-12-21T05:14:19","slug":"contact-persons","status":"publish","type":"page","link":"https:\/\/www.glv.fi\/en\/contact-persons\/","title":{"rendered":"Contact persons"},"content":{"rendered":"<section id=\"otayhteytta\" class=\"one-col-section padding-small\">\n<div class=\"row \">\n<div class=\"small-12 columns\">\n<p>Do you want to hear more? Please contact us and we are more than glad to inform and show more.<\/p>\n<\/div>\n<\/div>\n<\/section>\n<section class=\"three-col-section \">\n<div class=\"row \">\n<div class=\"large-4 columns\">\n<div class=\"large-4 columns\">\n<p>Nico J\u00e4rvenp\u00e4\u00e4, CEO<br \/>\n<a href=\"tel:+358440170795\">+358 44 017 0795<\/a><br \/>\n<a href=\"mailto:nico.jarvenpaa@glv.fi\" target=\"_blank\" rel=\"noopener\">nico.jarvenpaa@glv.fi<\/a><\/p>\n<\/div>\n<div class=\"large-4 columns\"><\/div>\n<\/div>\n<\/div>\n<\/section>\n","protected":false},"excerpt":{"rendered":"<p>Do you want to hear more? Please contact us and we are more than glad to inform and show more. Nico J\u00e4rvenp\u00e4\u00e4, CEO +358 44 017 0795 nico.jarvenpaa@glv.fi<\/p>\n","protected":false},"author":1,"featured_media":596,"parent":0,"menu_order":0,"comment_status":"closed","ping_status":"closed","template":"","meta":{"_exactmetrics_skip_tracking":false,"_exactmetrics_sitenote_active":false,"_exactmetrics_sitenote_note":"","_exactmetrics_sitenote_category":0,"_genesis_hide_title":false,"_genesis_hide_breadcrumbs":false,"_genesis_hide_singular_image":false,"_genesis_hide_footer_widgets":false,"_genesis_custom_body_class":"","_genesis_custom_post_class":"","_genesis_layout":"","footnotes":""},"class_list":{"0":"post-749","1":"page","2":"type-page","3":"status-publish","4":"has-post-thumbnail","6":"entry"},"_links":{"self":[{"href":"https:\/\/www.glv.fi\/en\/wp-json\/wp\/v2\/pages\/749","targetHints":{"allow":["GET"]}}],"collection":[{"href":"https:\/\/www.glv.fi\/en\/wp-json\/wp\/v2\/pages"}],"about":[{"href":"https:\/\/www.glv.fi\/en\/wp-json\/wp\/v2\/types\/page"}],"author":[{"embeddable":true,"href":"https:\/\/www.glv.fi\/en\/wp-json\/wp\/v2\/users\/1"}],"replies":[{"embeddable":true,"href":"https:\/\/www.glv.fi\/en\/wp-json\/wp\/v2\/comments?post=749"}],"version-history":[{"count":3,"href":"https:\/\/www.glv.fi\/en\/wp-json\/wp\/v2\/pages\/749\/revisions"}],"predecessor-version":[{"id":1067,"href":"https:\/\/www.glv.fi\/en\/wp-json\/wp\/v2\/pages\/749\/revisions\/1067"}],"wp:featuredmedia":[{"embeddable":true,"href":"https:\/\/www.glv.fi\/en\/wp-json\/wp\/v2\/media\/596"}],"wp:attachment":[{"href":"https:\/\/www.glv.fi\/en\/wp-json\/wp\/v2\/media?parent=749"}],"curies":[{"name":"wp","href":"https:\/\/api.w.org\/{rel}","templated":true}]}}